{"id":1949,"date":"2024-02-26T07:48:34","date_gmt":"2024-02-26T06:48:34","guid":{"rendered":"https:\/\/comunes.situada.online\/?page_id=1949"},"modified":"2024-03-14T23:50:22","modified_gmt":"2024-03-15T02:50:22","slug":"entrevista","status":"publish","type":"page","link":"https:\/\/comunes.situada.online\/en\/proyecto\/entrevista\/","title":{"rendered":"Interview: Digital Commons in the Chilean Constituent Process"},"content":{"rendered":"<div class=\"wp-block-uagb-container uagb-block-3ad17e27 alignfull uagb-is-root-container\"><div class=\"uagb-container-inner-blocks-wrap\">\n<div class=\"wp-block-uagb-advanced-heading uagb-block-8a1eebc0\"><h1 class=\"uagb-heading-text\">Interview<br>Digital Commons in the Chilean Constituent Process<\/h1><\/div>\n<\/div><\/div>\n\n\n\n<div class=\"wp-block-uagb-container uagb-block-61e8ac2a alignfull uagb-is-root-container\"><div class=\"uagb-container-inner-blocks-wrap\">\n<div class=\"wp-block-uagb-info-box uagb-block-8ee8908a uagb-infobox__content-wrap  uagb-infobox-icon-above-title uagb-infobox-image-valign-top\"><div class=\"uagb-ifb-content\"><div class=\"uagb-ifb-title-wrap\"><\/div><p class=\"uagb-ifb-desc\">An interview was conducted with Alejandra Zuleta Buschmann, former advisor to the Chilean Constitutional Convention, specializing in public policy and gender justice, to explore the role of digital commons in promoting digital rights and gender-equitable participation in the digital environment. The methodology employed was feminist, emphasizing the importance of ensuring and promoting digital rights, bridging the digital divide, and creating violence-free digital spaces.<br><br>During the interview, Zuleta Buschmann shared insights on the relevance of digital commons in the Chilean Constitution proposal and its impact on integrating digital aspects into the global constitutional sphere. Emphasis was placed on protecting digital rights, ensuring digital equality and non-discrimination, and guaranteeing equitable access to information and communication technologies.<br><br>Additionally, the importance of creating digital spaces free from violence and safeguarding individuals' privacy was underscored with proposals for preventing and penalizing cyberbullying and online discrimination. Regarding gender focus, the need to promote gender equality in decision-making, reduce digital gender gaps, and highlight women's work and achievements in the technology sector was emphasized.<br><br>In summary, the interview provided valuable reflections and proposals to promote digital rights in Chile, highlighting the significance of feminist approaches and gender perspectives in achieving a fairer and more equitable digital society within the context of the constitutional process.<\/p><\/div><\/div>\n<\/div><\/div>\n\n\n\n<div style=\"height:100px\" aria-hidden=\"true\" class=\"wp-block-spacer\"><\/div>\n\n\n\n<div class=\"wp-block-uagb-container uagb-block-c1d73ba2 alignfull uagb-is-root-container\"><div class=\"uagb-container-inner-blocks-wrap\">\n<div class=\"wp-block-uagb-container uagb-block-36131f47\">\n<div class=\"wp-block-uagb-image uagb-block-6e5a72c4 wp-block-uagb-image--layout-default wp-block-uagb-image--effect-static wp-block-uagb-image--align-none\"><figure class=\"wp-block-uagb-image__figure\"><img decoding=\"async\" srcset=\"https:\/\/comunes.situada.online\/wp-content\/uploads\/2024\/03\/entrevista1.png ,https:\/\/comunes.situada.online\/wp-content\/uploads\/2024\/03\/entrevista1.png 780w, https:\/\/comunes.situada.online\/wp-content\/uploads\/2024\/03\/entrevista1.png 360w\" sizes=\"(max-width: 480px) 150px\" src=\"https:\/\/comunes.situada.online\/wp-content\/uploads\/2024\/03\/entrevista1.png\" alt=\"\" class=\"uag-image-2108\" width=\"667\" height=\"2000\" title=\"\" loading=\"lazy\"\/><\/figure><\/div>\n<\/div>\n\n\n\n<div class=\"wp-block-uagb-container uagb-block-99d44b93\">\n<div class=\"wp-block-uagb-buttons uagb-buttons__outer-wrap uagb-btn__default-btn uagb-btn-tablet__default-btn uagb-btn-mobile__default-btn uagb-block-014202ba\"><div class=\"uagb-buttons__wrap uagb-buttons-layout-wrap\">\n<div class=\"wp-block-uagb-buttons-child uagb-buttons__outer-wrap uagb-block-4d690b6a wp-block-button\"><div class=\"uagb-button__wrapper\"><a class=\"uagb-buttons-repeater wp-block-button__link\" aria-label=\"\" href=\"https:\/\/drive.google.com\/file\/d\/1ko4fkRQ0eucFo0q-UZKDymcMuQGTdmIm\/view\" rel=\"follow noopener\" target=\"_blank\"><div class=\"uagb-button__link\">Descarga en Espa\u00f1ol<\/div><\/a><\/div><\/div>\n<\/div><\/div>\n\n\n\n<div class=\"wp-block-uagb-buttons uagb-buttons__outer-wrap uagb-btn__default-btn uagb-btn-tablet__default-btn uagb-btn-mobile__default-btn uagb-block-d726676f\"><div class=\"uagb-buttons__wrap uagb-buttons-layout-wrap\">\n<div class=\"wp-block-uagb-buttons-child uagb-buttons__outer-wrap uagb-block-3611410f wp-block-button\"><div class=\"uagb-button__wrapper\"><a class=\"uagb-buttons-repeater wp-block-button__link\" aria-label=\"\" href=\"https:\/\/drive.google.com\/file\/d\/1yy9PZ0CvJnb3w0znv6m8AA3uELjinCmK\/view?usp=sharing\" rel=\"follow noopener\" target=\"_blank\"><div class=\"uagb-button__link\">Download in English<\/div><\/a><\/div><\/div>\n<\/div><\/div>\n<\/div>\n<\/div><\/div>\n\n\n\n<div class=\"wp-block-uagb-separator uagb-block-5532c1bc\"><div class=\"wp-block-uagb-separator__inner\" style=\"--my-background-image:url(&quot;data:image\/svg+xml,%3Csvg width='16' height='16' viewBox='0 0 16 16' fill='none' xmlns='http:\/\/www.w3.org\/2000\/svg'%3E%3Cpath d='M6.4 0H16L9.6 16H0L6.4 0Z' fill='black'\/%3E%3C\/svg%3E&quot;)\"><\/div><\/div>\n\n\n\n<div class=\"wp-block-uagb-image aligncenter uagb-block-dec0c4a5 wp-block-uagb-image--layout-default wp-block-uagb-image--effect-static wp-block-uagb-image--align-center\"><figure class=\"wp-block-uagb-image__figure\"><img decoding=\"async\" srcset=\"https:\/\/comunes.situada.online\/wp-content\/uploads\/2024\/03\/3.2.-Interview-infographic.png 1587w, https:\/\/comunes.situada.online\/wp-content\/uploads\/2024\/03\/3.2.-Interview-infographic-212x300.png 212w, https:\/\/comunes.situada.online\/wp-content\/uploads\/2024\/03\/3.2.-Interview-infographic-724x1024.png 724w, https:\/\/comunes.situada.online\/wp-content\/uploads\/2024\/03\/3.2.-Interview-infographic-768x1086.png 768w, https:\/\/comunes.situada.online\/wp-content\/uploads\/2024\/03\/3.2.-Interview-infographic-1086x1536.png 1086w, https:\/\/comunes.situada.online\/wp-content\/uploads\/2024\/03\/3.2.-Interview-infographic-1448x2048.png 1448w, https:\/\/comunes.situada.online\/wp-content\/uploads\/2024\/03\/3.2.-Interview-infographic-8x12.png 8w\" sizes=\"(max-width: 480px) 150px\" src=\"https:\/\/comunes.situada.online\/wp-content\/uploads\/2024\/03\/3.2.-Interview-infographic.png\" alt=\"\" class=\"uag-image-2287\" width=\"667\" height=\"2245\" title=\"3. Infograf\u00eda entrevista\" loading=\"lazy\"\/><\/figure><\/div>\n\n\n\n<div class=\"wp-block-uagb-container uagb-block-9257c603 alignfull uagb-is-root-container\"><div class=\"uagb-container-inner-blocks-wrap\">\n<div class=\"wp-block-uagb-separator uagb-block-2e68067a\"><div class=\"wp-block-uagb-separator__inner\" style=\"--my-background-image:url(&quot;data:image\/svg+xml,%3Csvg width='16' height='16' viewBox='0 0 16 16' fill='none' xmlns='http:\/\/www.w3.org\/2000\/svg'%3E%3Cpath d='M6.4 0H16L9.6 16H0L6.4 0Z' fill='black'\/%3E%3C\/svg%3E&quot;)\"><\/div><\/div>\n\n\n\n<div class=\"wp-block-uagb-info-box uagb-block-426465cd uagb-infobox__content-wrap  uagb-infobox-icon-above-title uagb-infobox-image-valign-top\"><div class=\"uagb-ifb-content\"><div class=\"uagb-ifb-title-wrap\"><h3 class=\"uagb-ifb-title\"><strong>Reference<\/strong><\/h3><\/div><p class=\"uagb-ifb-desc\">Gonz\u00e1lez-V\u00e9liz, C. (2023). <em>Comunes digitales: una herramienta subversiva para los feminismos de Am\u00e9rica Latina y el Caribe<\/em>. (Tesis de Maestr\u00eda). Universidad de Valladolid. <a href=\"https:\/\/uvadoc.uva.es\/handle\/10324\/62248\"><\/a><a href=\"https:\/\/uvadoc.uva.es\/handle\/10324\/62248\">https:\/\/uvadoc.uva.es\/handle\/10324\/62248<\/a><\/p><\/div><\/div>\n<\/div><\/div>\n\n\n\n<div class=\"wp-block-uagb-separator uagb-block-acd39ec9\"><div class=\"wp-block-uagb-separator__inner\" style=\"--my-background-image:\"><\/div><\/div>","protected":false},"excerpt":{"rendered":"<p>Entrevista:Comunes Digitales en el Proceso Constituyente Chileno<\/p>","protected":false},"author":1,"featured_media":0,"parent":1324,"menu_order":0,"comment_status":"closed","ping_status":"closed","template":"","meta":{"_uag_custom_page_level_css":"","site-sidebar-layout":"no-sidebar","site-content-layout":"page-builder","ast-site-content-layout":"full-width-container","site-content-style":"unboxed","site-sidebar-style":"default","ast-global-header-display":"","ast-banner-title-visibility":"","ast-main-header-display":"","ast-hfb-above-header-display":"","ast-hfb-below-header-display":"","ast-hfb-mobile-header-display":"","site-post-title":"disabled","ast-breadcrumbs-content":"","ast-featured-img":"disabled","footer-sml-layout":"","theme-transparent-header-meta":"enabled","adv-header-id-meta":"","stick-header-meta":"","header-above-stick-meta":"","header-main-stick-meta":"","header-below-stick-meta":"","astra-migrate-meta-layouts":"set","ast-page-background-enabled":"default","ast-page-background-meta":{"desktop":{"background-color":"var(--ast-global-color-4)","background-image":"","background-repeat":"repeat","background-position":"center center","background-size":"auto","background-attachment":"scroll","background-type":"","background-media":"","overlay-type":"","overlay-color":"","overlay-gradient":""},"tablet":{"background-color":"","background-image":"","background-repeat":"repeat","background-position":"center center","background-size":"auto","background-attachment":"scroll","background-type":"","background-media":"","overlay-type":"","overlay-color":"","overlay-gradient":""},"mobile":{"background-color":"","background-image":"","background-repeat":"repeat","background-position":"center center","background-size":"auto","background-attachment":"scroll","background-type":"","background-media":"","overlay-type":"","overlay-color":"","overlay-gradient":""}},"ast-content-background-meta":{"desktop":{"background-color":"var(--ast-global-color-5)","background-image":"","background-repeat":"repeat","background-position":"center center","background-size":"auto","background-attachment":"scroll","background-type":"","background-media":"","overlay-type":"","overlay-color":"","overlay-gradient":""},"tablet":{"background-color":"var(--ast-global-color-5)","background-image":"","background-repeat":"repeat","background-position":"center center","background-size":"auto","background-attachment":"scroll","background-type":"","background-media":"","overlay-type":"","overlay-color":"","overlay-gradient":""},"mobile":{"background-color":"var(--ast-global-color-5)","background-image":"","background-repeat":"repeat","background-position":"center center","background-size":"auto","background-attachment":"scroll","background-type":"","background-media":"","overlay-type":"","overlay-color":"","overlay-gradient":""}},"footnotes":""},"uagb_featured_image_src":{"full":false,"thumbnail":false,"medium":false,"medium_large":false,"large":false,"1536x1536":false,"2048x2048":false,"trp-custom-language-flag":false},"uagb_author_info":{"display_name":"constanza.gonzalezveliz","author_link":"https:\/\/comunes.situada.online\/en\/author\/constanza-gonzalezveliz\/"},"uagb_comment_info":0,"uagb_excerpt":"Entrevista:Comunes Digitales en el Proceso Constituyente Chileno","_links":{"self":[{"href":"https:\/\/comunes.situada.online\/en\/wp-json\/wp\/v2\/pages\/1949"}],"collection":[{"href":"https:\/\/comunes.situada.online\/en\/wp-json\/wp\/v2\/pages"}],"about":[{"href":"https:\/\/comunes.situada.online\/en\/wp-json\/wp\/v2\/types\/page"}],"author":[{"embeddable":true,"href":"https:\/\/comunes.situada.online\/en\/wp-json\/wp\/v2\/users\/1"}],"replies":[{"embeddable":true,"href":"https:\/\/comunes.situada.online\/en\/wp-json\/wp\/v2\/comments?post=1949"}],"version-history":[{"count":29,"href":"https:\/\/comunes.situada.online\/en\/wp-json\/wp\/v2\/pages\/1949\/revisions"}],"predecessor-version":[{"id":2289,"href":"https:\/\/comunes.situada.online\/en\/wp-json\/wp\/v2\/pages\/1949\/revisions\/2289"}],"up":[{"embeddable":true,"href":"https:\/\/comunes.situada.online\/en\/wp-json\/wp\/v2\/pages\/1324"}],"wp:attachment":[{"href":"https:\/\/comunes.situada.online\/en\/wp-json\/wp\/v2\/media?parent=1949"}],"curies":[{"name":"wp","href":"https:\/\/api.w.org\/{rel}","templated":true}]}}