{"id":1942,"date":"2024-02-26T07:44:16","date_gmt":"2024-02-26T06:44:16","guid":{"rendered":"https:\/\/comunes.situada.online\/?page_id=1942"},"modified":"2024-03-14T23:40:54","modified_gmt":"2024-03-15T02:40:54","slug":"corrientesdelciberfeminismo","status":"publish","type":"page","link":"https:\/\/comunes.situada.online\/en\/proyecto\/corrientesdelciberfeminismo\/","title":{"rendered":"Currents of cyberfeminism and feminist digital transition in Latin America and the Caribbean: towards a more equitable digital future"},"content":{"rendered":"<div class=\"wp-block-uagb-container uagb-block-3ad17e27 alignfull uagb-is-root-container\"><div class=\"uagb-container-inner-blocks-wrap\">\n<div class=\"wp-block-uagb-advanced-heading uagb-block-8a1eebc0\"><h1 class=\"uagb-heading-text\">Currents of cyberfeminism and feminist digital transition in Latin America and the Caribbean: towards a more equitable digital future<\/h1><\/div>\n<\/div><\/div>\n\n\n\n<div class=\"wp-block-uagb-container uagb-block-61e8ac2a alignfull uagb-is-root-container\"><div class=\"uagb-container-inner-blocks-wrap\">\n<div class=\"wp-block-uagb-info-box uagb-block-8ee8908a uagb-infobox__content-wrap  uagb-infobox-icon-above-title uagb-infobox-image-valign-top\"><div class=\"uagb-ifb-content\"><div class=\"uagb-ifb-title-wrap\"><\/div><p class=\"uagb-ifb-desc\">Cyberfeminism in Latin America and the Caribbean is a practice in constant development that uses the Internet to challenge gender inequalities and promote equity. This study analyzes the role of the Internet in online feminist practice, focusing on cyber relationships and their importance for struggle in the digital environment. Based on a meta-study it examines cyberfeminist perspectives over time, highlighting the importance of identities, solidarity, and resistance in the digital space. Explores the currents and manifestations of cyberactivism, hackfeminism, technofeminism, and data feminism, highlighting their convergence to promote gender equality. Challenges, examples, and their impact are presented. It addresses digital gender gaps, participation in STEM fields, and digital violence, underscoring the importance of situated knowledge. Additionally, it examines the relationship between technology and gender from feminist perspectives and highlights the convergence of digital commons and cyberfeminism for a just digital transition.<\/p><\/div><\/div>\n<\/div><\/div>\n\n\n\n<div style=\"height:100px\" aria-hidden=\"true\" class=\"wp-block-spacer\"><\/div>\n\n\n\n<div class=\"wp-block-uagb-container uagb-block-e8f0a7d5 alignfull uagb-is-root-container\"><div class=\"uagb-container-inner-blocks-wrap\">\n<div class=\"wp-block-uagb-container uagb-block-15477114\">\n<div class=\"wp-block-uagb-image uagb-block-102c5dde wp-block-uagb-image--layout-default wp-block-uagb-image--effect-static wp-block-uagb-image--align-none\"><figure class=\"wp-block-uagb-image__figure\"><img decoding=\"async\" srcset=\"https:\/\/comunes.situada.online\/wp-content\/uploads\/2024\/03\/2.3.-Portada-corrientes-cibefeministas.jpg ,https:\/\/comunes.situada.online\/wp-content\/uploads\/2024\/03\/2.3.-Portada-corrientes-cibefeministas.jpg 780w, https:\/\/comunes.situada.online\/wp-content\/uploads\/2024\/03\/2.3.-Portada-corrientes-cibefeministas.jpg 360w\" sizes=\"(max-width: 480px) 150px\" src=\"https:\/\/comunes.situada.online\/wp-content\/uploads\/2024\/03\/2.3.-Portada-corrientes-cibefeministas.jpg\" alt=\"\" class=\"uag-image-2284\" width=\"1241\" height=\"1755\" title=\"2.3. Portada corrientes cibefeministas\" loading=\"lazy\"\/><\/figure><\/div>\n<\/div>\n\n\n\n<div class=\"wp-block-uagb-container uagb-block-ee106472\">\n<div class=\"wp-block-uagb-container uagb-block-cbf90e56\">\n<div class=\"wp-block-uagb-buttons uagb-buttons__outer-wrap uagb-btn__default-btn uagb-btn-tablet__default-btn uagb-btn-mobile__default-btn uagb-block-53fae0ae\"><div class=\"uagb-buttons__wrap uagb-buttons-layout-wrap\">\n<div class=\"wp-block-uagb-buttons-child uagb-buttons__outer-wrap uagb-block-d0d8ca00 wp-block-button\"><div class=\"uagb-button__wrapper\"><a class=\"uagb-buttons-repeater wp-block-button__link\" aria-label=\"\" href=\"https:\/\/doi.org\/10.5354\/2735-7473.2023.73459\" rel=\"follow noopener\" target=\"_blank\"><div class=\"uagb-button__link\">Descarga en Espa\u00f1ol<\/div><\/a><\/div><\/div>\n<\/div><\/div>\n\n\n\n<div class=\"wp-block-uagb-buttons uagb-buttons__outer-wrap uagb-btn__default-btn uagb-btn-tablet__default-btn uagb-btn-mobile__default-btn uagb-block-39a5ff48\"><div class=\"uagb-buttons__wrap uagb-buttons-layout-wrap\">\n<div class=\"wp-block-uagb-buttons-child uagb-buttons__outer-wrap uagb-block-7a4ab926 wp-block-button\"><div class=\"uagb-button__wrapper\"><a class=\"uagb-buttons-repeater wp-block-button__link\" aria-label=\"\" href=\"https:\/\/drive.google.com\/file\/d\/1Kwbepfk24siWzYKQWCsPwbjC41pF7EaB\/view?usp=sharing\" rel=\"follow noopener\" target=\"_blank\"><div class=\"uagb-button__link\">Download in English<\/div><\/a><\/div><\/div>\n<\/div><\/div>\n<\/div>\n<\/div>\n<\/div><\/div>\n\n\n\n<div class=\"wp-block-uagb-separator uagb-block-8cc2b94c\"><div class=\"wp-block-uagb-separator__inner\" style=\"--my-background-image:url(&quot;data:image\/svg+xml,%3Csvg width='16' height='16' viewBox='0 0 16 16' fill='none' xmlns='http:\/\/www.w3.org\/2000\/svg'%3E%3Cpath d='M6.4 0H16L9.6 16H0L6.4 0Z' fill='black'\/%3E%3C\/svg%3E&quot;)\"><\/div><\/div>\n\n\n\n<div class=\"wp-block-uagb-image aligncenter uagb-block-dec0c4a5 wp-block-uagb-image--layout-default wp-block-uagb-image--effect-static wp-block-uagb-image--align-center\"><figure class=\"wp-block-uagb-image__figure\"><img decoding=\"async\" srcset=\"https:\/\/comunes.situada.online\/wp-content\/uploads\/2024\/03\/2.2.-Currents-infographic.png 1587w, https:\/\/comunes.situada.online\/wp-content\/uploads\/2024\/03\/2.2.-Currents-infographic-212x300.png 212w, https:\/\/comunes.situada.online\/wp-content\/uploads\/2024\/03\/2.2.-Currents-infographic-724x1024.png 724w, https:\/\/comunes.situada.online\/wp-content\/uploads\/2024\/03\/2.2.-Currents-infographic-768x1086.png 768w, https:\/\/comunes.situada.online\/wp-content\/uploads\/2024\/03\/2.2.-Currents-infographic-1086x1536.png 1086w, https:\/\/comunes.situada.online\/wp-content\/uploads\/2024\/03\/2.2.-Currents-infographic-1448x2048.png 1448w, https:\/\/comunes.situada.online\/wp-content\/uploads\/2024\/03\/2.2.-Currents-infographic-8x12.png 8w\" sizes=\"(max-width: 480px) 150px\" src=\"https:\/\/comunes.situada.online\/wp-content\/uploads\/2024\/03\/2.2.-Currents-infographic.png\" alt=\"\" class=\"uag-image-2280\" width=\"667\" height=\"2245\" title=\"2. Infograf\u00eda corrientes ciberfeministas\" loading=\"lazy\"\/><\/figure><\/div>\n\n\n\n<div class=\"wp-block-uagb-container uagb-block-9257c603 alignfull uagb-is-root-container\"><div class=\"uagb-container-inner-blocks-wrap\">\n<div class=\"wp-block-uagb-separator uagb-block-2e68067a\"><div class=\"wp-block-uagb-separator__inner\" style=\"--my-background-image:url(&quot;data:image\/svg+xml,%3Csvg width='16' height='16' viewBox='0 0 16 16' fill='none' xmlns='http:\/\/www.w3.org\/2000\/svg'%3E%3Cpath d='M6.4 0H16L9.6 16H0L6.4 0Z' fill='black'\/%3E%3C\/svg%3E&quot;)\"><\/div><\/div>\n\n\n\n<div class=\"wp-block-uagb-info-box uagb-block-426465cd uagb-infobox__content-wrap  uagb-infobox-icon-above-title uagb-infobox-image-valign-top\"><div class=\"uagb-ifb-content\"><div class=\"uagb-ifb-title-wrap\"><h3 class=\"uagb-ifb-title\"><br><strong>Reference<\/strong><\/h3><\/div><p class=\"uagb-ifb-desc\">Gonz\u00e1lez-V\u00e9liz, C. y de Andr\u00e9s del Campo, S. (2023). Corrientes del ciberfeminismo y transici\u00f3n digital feminista en Am\u00e9rica Latina y el Caribe: hacia un futuro digital m\u00e1s equitativo.&nbsp;<em>Revista Punto G\u00e9nero<\/em>, (20), pp. 31\u201361.<br><a href=\"https:\/\/revistapuntogenero.uchile.cl\/index.php\/RPG\/article\/view\/73459\" target=\"_blank\" rel=\"noreferrer noopener\">https:\/\/doi.org\/10.5354\/2735-7473.2023.73459<\/a><\/p><\/div><\/div>\n<\/div><\/div>\n\n\n\n<div class=\"wp-block-uagb-separator uagb-block-acd39ec9\"><div class=\"wp-block-uagb-separator__inner\" style=\"--my-background-image:\"><\/div><\/div>","protected":false},"excerpt":{"rendered":"<p>Currents of cyberfeminism and feminist digital transition in Latin America and the Caribbean: towards a more equitable digital future<\/p>","protected":false},"author":1,"featured_media":0,"parent":1324,"menu_order":0,"comment_status":"closed","ping_status":"closed","template":"","meta":{"_uag_custom_page_level_css":"","site-sidebar-layout":"no-sidebar","site-content-layout":"page-builder","ast-site-content-layout":"full-width-container","site-content-style":"unboxed","site-sidebar-style":"default","ast-global-header-display":"","ast-banner-title-visibility":"","ast-main-header-display":"","ast-hfb-above-header-display":"","ast-hfb-below-header-display":"","ast-hfb-mobile-header-display":"","site-post-title":"disabled","ast-breadcrumbs-content":"","ast-featured-img":"disabled","footer-sml-layout":"","theme-transparent-header-meta":"enabled","adv-header-id-meta":"","stick-header-meta":"","header-above-stick-meta":"","header-main-stick-meta":"","header-below-stick-meta":"","astra-migrate-meta-layouts":"set","ast-page-background-enabled":"default","ast-page-background-meta":{"desktop":{"background-color":"var(--ast-global-color-4)","background-image":"","background-repeat":"repeat","background-position":"center center","background-size":"auto","background-attachment":"scroll","background-type":"","background-media":"","overlay-type":"","overlay-color":"","overlay-gradient":""},"tablet":{"background-color":"","background-image":"","background-repeat":"repeat","background-position":"center center","background-size":"auto","background-attachment":"scroll","background-type":"","background-media":"","overlay-type":"","overlay-color":"","overlay-gradient":""},"mobile":{"background-color":"","background-image":"","background-repeat":"repeat","background-position":"center center","background-size":"auto","background-attachment":"scroll","background-type":"","background-media":"","overlay-type":"","overlay-color":"","overlay-gradient":""}},"ast-content-background-meta":{"desktop":{"background-color":"var(--ast-global-color-5)","background-image":"","background-repeat":"repeat","background-position":"center center","background-size":"auto","background-attachment":"scroll","background-type":"","background-media":"","overlay-type":"","overlay-color":"","overlay-gradient":""},"tablet":{"background-color":"var(--ast-global-color-5)","background-image":"","background-repeat":"repeat","background-position":"center center","background-size":"auto","background-attachment":"scroll","background-type":"","background-media":"","overlay-type":"","overlay-color":"","overlay-gradient":""},"mobile":{"background-color":"var(--ast-global-color-5)","background-image":"","background-repeat":"repeat","background-position":"center center","background-size":"auto","background-attachment":"scroll","background-type":"","background-media":"","overlay-type":"","overlay-color":"","overlay-gradient":""}},"footnotes":""},"uagb_featured_image_src":{"full":false,"thumbnail":false,"medium":false,"medium_large":false,"large":false,"1536x1536":false,"2048x2048":false,"trp-custom-language-flag":false},"uagb_author_info":{"display_name":"constanza.gonzalezveliz","author_link":"https:\/\/comunes.situada.online\/en\/author\/constanza-gonzalezveliz\/"},"uagb_comment_info":0,"uagb_excerpt":"Corrientes del ciberfeminismo y transici\u00f3n digital feminista en Am\u00e9rica Latina y el Caribe: hacia un futuro digital m\u00e1s equitativo","_links":{"self":[{"href":"https:\/\/comunes.situada.online\/en\/wp-json\/wp\/v2\/pages\/1942"}],"collection":[{"href":"https:\/\/comunes.situada.online\/en\/wp-json\/wp\/v2\/pages"}],"about":[{"href":"https:\/\/comunes.situada.online\/en\/wp-json\/wp\/v2\/types\/page"}],"author":[{"embeddable":true,"href":"https:\/\/comunes.situada.online\/en\/wp-json\/wp\/v2\/users\/1"}],"replies":[{"embeddable":true,"href":"https:\/\/comunes.situada.online\/en\/wp-json\/wp\/v2\/comments?post=1942"}],"version-history":[{"count":28,"href":"https:\/\/comunes.situada.online\/en\/wp-json\/wp\/v2\/pages\/1942\/revisions"}],"predecessor-version":[{"id":2285,"href":"https:\/\/comunes.situada.online\/en\/wp-json\/wp\/v2\/pages\/1942\/revisions\/2285"}],"up":[{"embeddable":true,"href":"https:\/\/comunes.situada.online\/en\/wp-json\/wp\/v2\/pages\/1324"}],"wp:attachment":[{"href":"https:\/\/comunes.situada.online\/en\/wp-json\/wp\/v2\/media?parent=1942"}],"curies":[{"name":"wp","href":"https:\/\/api.w.org\/{rel}","templated":true}]}}