{"id":1924,"date":"2024-02-26T07:17:32","date_gmt":"2024-02-26T06:17:32","guid":{"rendered":"https:\/\/comunes.situada.online\/?page_id=1924"},"modified":"2024-04-05T23:54:45","modified_gmt":"2024-04-06T02:54:45","slug":"comunesdigitales","status":"publish","type":"page","link":"https:\/\/comunes.situada.online\/en\/proyecto\/comunesdigitales\/","title":{"rendered":"Digital Commons, Cyberfeminism and Open Science: Strategies for Gender Equality in the Digital Sphere"},"content":{"rendered":"<div class=\"wp-block-uagb-container uagb-block-3ad17e27 alignfull uagb-is-root-container\"><div class=\"uagb-container-inner-blocks-wrap\">\n<div class=\"wp-block-uagb-advanced-heading uagb-block-8a1eebc0\"><h1 class=\"uagb-heading-text\">Digital Commons, Cyberfeminism and Open Science: Strategies for Gender Equality in the Digital Sphere<\/h1><\/div>\n<\/div><\/div>\n\n\n\n<div class=\"wp-block-uagb-container uagb-block-61e8ac2a alignfull uagb-is-root-container\"><div class=\"uagb-container-inner-blocks-wrap\">\n<div class=\"wp-block-uagb-info-box uagb-block-8ee8908a uagb-infobox__content-wrap  uagb-infobox-icon-above-title uagb-infobox-image-valign-top\"><div class=\"uagb-ifb-content\"><div class=\"uagb-ifb-title-wrap\"><\/div><p class=\"uagb-ifb-desc\">This work analyzes the digital commons, cyberfeminism, and open science as means and strategies to promote gender equality in the digital environment. Through a review of the literature, its transformative potential and its role in information management, coordination of strategies, and challenge to patriarchal norms are analyzed. The relationships between digital commons, democracy, and open science are identified. The importance of developing technologies with a gender perspective, implementing regulations to protect women online, and encouraging the active participation of women in content creation and digital leadership is highlighted. The study contributes to digital culture studies by making these manifestations visible and offering recommendations for a more inclusive and equitable society. In conclusion, the relevance of open science through digital commons and cyberfeminism is highlighted. This not only empowers women by providing access to knowledge but also challenges long-held gender stereotypes and norms.<\/p><\/div><\/div>\n<\/div><\/div>\n\n\n\n<div style=\"height:100px\" aria-hidden=\"true\" class=\"wp-block-spacer\"><\/div>\n\n\n\n<div class=\"wp-block-uagb-container uagb-block-16cc1c62 alignfull uagb-is-root-container\"><div class=\"uagb-container-inner-blocks-wrap\">\n<div class=\"wp-block-uagb-container uagb-block-ef1322c8\">\n<div class=\"wp-block-uagb-image uagb-block-d557201d wp-block-uagb-image--layout-default wp-block-uagb-image--effect-static wp-block-uagb-image--align-none\"><figure class=\"wp-block-uagb-image__figure\"><img decoding=\"async\" srcset=\"https:\/\/comunes.situada.online\/wp-content\/uploads\/2024\/03\/1.3.-Portada_comunes-digitales.jpg ,https:\/\/comunes.situada.online\/wp-content\/uploads\/2024\/03\/1.3.-Portada_comunes-digitales.jpg 780w, https:\/\/comunes.situada.online\/wp-content\/uploads\/2024\/03\/1.3.-Portada_comunes-digitales.jpg 360w\" sizes=\"(max-width: 480px) 150px\" src=\"https:\/\/comunes.situada.online\/wp-content\/uploads\/2024\/03\/1.3.-Portada_comunes-digitales.jpg\" alt=\"\" class=\"uag-image-2278\" width=\"1241\" height=\"1755\" title=\"1.3. Portada_comunes digitales\" loading=\"lazy\"\/><\/figure><\/div>\n<\/div>\n\n\n\n<div class=\"wp-block-uagb-container uagb-block-cbf90e56\">\n<div class=\"wp-block-uagb-buttons uagb-buttons__outer-wrap uagb-btn__default-btn uagb-btn-tablet__default-btn uagb-btn-mobile__default-btn uagb-block-53fae0ae\"><div class=\"uagb-buttons__wrap uagb-buttons-layout-wrap\">\n<div class=\"wp-block-uagb-buttons-child uagb-buttons__outer-wrap uagb-block-d0d8ca00 wp-block-button\"><div class=\"uagb-button__wrapper\"><a class=\"uagb-buttons-repeater wp-block-button__link\" aria-label=\"\" href=\"https:\/\/doi.org\/10.31009\/hipertext.net.2023.i27.07\" rel=\"follow noopener\" target=\"_blank\"><div class=\"uagb-button__link\">Descarga en Espa\u00f1ol<\/div><\/a><\/div><\/div>\n<\/div><\/div>\n\n\n\n<div class=\"wp-block-uagb-buttons uagb-buttons__outer-wrap uagb-btn__default-btn uagb-btn-tablet__default-btn uagb-btn-mobile__default-btn uagb-block-39a5ff48\"><div class=\"uagb-buttons__wrap uagb-buttons-layout-wrap\">\n<div class=\"wp-block-uagb-buttons-child uagb-buttons__outer-wrap uagb-block-7a4ab926 wp-block-button\"><div class=\"uagb-button__wrapper\"><a class=\"uagb-buttons-repeater wp-block-button__link\" aria-label=\"\" href=\"https:\/\/drive.google.com\/file\/d\/1TSZ7BwxoH15LFDL7JvwzOjmnuqiUH9uz\/view?usp=sharing\" rel=\"follow noopener\" target=\"_blank\"><div class=\"uagb-button__link\">Download in English<\/div><\/a><\/div><\/div>\n<\/div><\/div>\n<\/div>\n<\/div><\/div>\n\n\n\n<div class=\"wp-block-uagb-separator uagb-block-dac47b5f\"><div class=\"wp-block-uagb-separator__inner\" style=\"--my-background-image:url(&quot;data:image\/svg+xml,%3Csvg width='16' height='16' viewBox='0 0 16 16' fill='none' xmlns='http:\/\/www.w3.org\/2000\/svg'%3E%3Cpath d='M6.4 0H16L9.6 16H0L6.4 0Z' fill='black'\/%3E%3C\/svg%3E&quot;)\"><\/div><\/div>\n\n\n\n<div class=\"wp-block-uagb-image aligncenter uagb-block-dec0c4a5 wp-block-uagb-image--layout-default wp-block-uagb-image--effect-static wp-block-uagb-image--align-center\"><figure class=\"wp-block-uagb-image__figure\"><img decoding=\"async\" srcset=\"https:\/\/comunes.situada.online\/wp-content\/uploads\/2024\/03\/1.2.-Commons-infographic.png 1587w, https:\/\/comunes.situada.online\/wp-content\/uploads\/2024\/03\/1.2.-Commons-infographic-212x300.png 212w, https:\/\/comunes.situada.online\/wp-content\/uploads\/2024\/03\/1.2.-Commons-infographic-724x1024.png 724w, https:\/\/comunes.situada.online\/wp-content\/uploads\/2024\/03\/1.2.-Commons-infographic-768x1086.png 768w, https:\/\/comunes.situada.online\/wp-content\/uploads\/2024\/03\/1.2.-Commons-infographic-1086x1536.png 1086w, https:\/\/comunes.situada.online\/wp-content\/uploads\/2024\/03\/1.2.-Commons-infographic-1448x2048.png 1448w, https:\/\/comunes.situada.online\/wp-content\/uploads\/2024\/03\/1.2.-Commons-infographic-8x12.png 8w\" sizes=\"(max-width: 480px) 150px\" src=\"https:\/\/comunes.situada.online\/wp-content\/uploads\/2024\/03\/1.2.-Commons-infographic.png\" alt=\"\" class=\"uag-image-2273\" width=\"667\" height=\"945\" title=\"1. Infograf\u00eda comunes digitales\" loading=\"lazy\"\/><\/figure><\/div>\n\n\n\n<div class=\"wp-block-uagb-container uagb-block-9257c603 alignfull uagb-is-root-container\"><div class=\"uagb-container-inner-blocks-wrap\">\n<div class=\"wp-block-uagb-separator uagb-block-2e68067a\"><div class=\"wp-block-uagb-separator__inner\" style=\"--my-background-image:url(&quot;data:image\/svg+xml,%3Csvg width='16' height='16' viewBox='0 0 16 16' fill='none' xmlns='http:\/\/www.w3.org\/2000\/svg'%3E%3Cpath d='M6.4 0H16L9.6 16H0L6.4 0Z' fill='black'\/%3E%3C\/svg%3E&quot;)\"><\/div><\/div>\n\n\n\n<div class=\"wp-block-uagb-info-box uagb-block-426465cd uagb-infobox__content-wrap  uagb-infobox-icon-above-title uagb-infobox-image-valign-top\"><div class=\"uagb-ifb-content\"><div class=\"uagb-ifb-title-wrap\"><h3 class=\"uagb-ifb-title\"><br><strong>Reference<\/strong><\/h3><\/div><p class=\"uagb-ifb-desc\">Gonz\u00e1lez-V\u00e9liz, C. y de Andr\u00e9s del Campo, S. (2023). Comunes digitales, ciberfeminismo y ciencia abierta: estrategias para la igualdad de g\u00e9nero en el entorno digital. Hipertext.net, (27), pp. 67-79.\u00a0<a href=\"https:\/\/doi.org\/10.31009\/hipertext.net.2023.i27.07\" target=\"_blank\" rel=\"noreferrer noopener\">https:\/\/doi.org\/10.31009\/hipertext.net.2023.i27.07<\/a><\/p><\/div><\/div>\n<\/div><\/div>\n\n\n\n<div class=\"wp-block-uagb-separator uagb-block-acd39ec9\"><div class=\"wp-block-uagb-separator__inner\" style=\"--my-background-image:\"><\/div><\/div>","protected":false},"excerpt":{"rendered":"<p>Digital Commons, Cyberfeminism and Open Science: Strategies for Gender Equality in the Digital Sphere<\/p>","protected":false},"author":1,"featured_media":0,"parent":1324,"menu_order":0,"comment_status":"closed","ping_status":"closed","template":"","meta":{"_uag_custom_page_level_css":"","site-sidebar-layout":"no-sidebar","site-content-layout":"page-builder","ast-site-content-layout":"full-width-container","site-content-style":"unboxed","site-sidebar-style":"default","ast-global-header-display":"","ast-banner-title-visibility":"","ast-main-header-display":"","ast-hfb-above-header-display":"","ast-hfb-below-header-display":"","ast-hfb-mobile-header-display":"","site-post-title":"disabled","ast-breadcrumbs-content":"","ast-featured-img":"disabled","footer-sml-layout":"","theme-transparent-header-meta":"enabled","adv-header-id-meta":"","stick-header-meta":"","header-above-stick-meta":"","header-main-stick-meta":"","header-below-stick-meta":"","astra-migrate-meta-layouts":"set","ast-page-background-enabled":"default","ast-page-background-meta":{"desktop":{"background-color":"var(--ast-global-color-4)","background-image":"","background-repeat":"repeat","background-position":"center center","background-size":"auto","background-attachment":"scroll","background-type":"","background-media":"","overlay-type":"","overlay-color":"","overlay-gradient":""},"tablet":{"background-color":"","background-image":"","background-repeat":"repeat","background-position":"center center","background-size":"auto","background-attachment":"scroll","background-type":"","background-media":"","overlay-type":"","overlay-color":"","overlay-gradient":""},"mobile":{"background-color":"","background-image":"","background-repeat":"repeat","background-position":"center center","background-size":"auto","background-attachment":"scroll","background-type":"","background-media":"","overlay-type":"","overlay-color":"","overlay-gradient":""}},"ast-content-background-meta":{"desktop":{"background-color":"var(--ast-global-color-5)","background-image":"","background-repeat":"repeat","background-position":"center center","background-size":"auto","background-attachment":"scroll","background-type":"","background-media":"","overlay-type":"","overlay-color":"","overlay-gradient":""},"tablet":{"background-color":"var(--ast-global-color-5)","background-image":"","background-repeat":"repeat","background-position":"center center","background-size":"auto","background-attachment":"scroll","background-type":"","background-media":"","overlay-type":"","overlay-color":"","overlay-gradient":""},"mobile":{"background-color":"var(--ast-global-color-5)","background-image":"","background-repeat":"repeat","background-position":"center center","background-size":"auto","background-attachment":"scroll","background-type":"","background-media":"","overlay-type":"","overlay-color":"","overlay-gradient":""}},"footnotes":""},"uagb_featured_image_src":{"full":false,"thumbnail":false,"medium":false,"medium_large":false,"large":false,"1536x1536":false,"2048x2048":false,"trp-custom-language-flag":false},"uagb_author_info":{"display_name":"constanza.gonzalezveliz","author_link":"https:\/\/comunes.situada.online\/en\/author\/constanza-gonzalezveliz\/"},"uagb_comment_info":0,"uagb_excerpt":"Comunes Digitales, Ciberfeminismo y Ciencia Abierta: Estrategias para la Igualdad de G\u00e9nero en el Entorno Digital","_links":{"self":[{"href":"https:\/\/comunes.situada.online\/en\/wp-json\/wp\/v2\/pages\/1924"}],"collection":[{"href":"https:\/\/comunes.situada.online\/en\/wp-json\/wp\/v2\/pages"}],"about":[{"href":"https:\/\/comunes.situada.online\/en\/wp-json\/wp\/v2\/types\/page"}],"author":[{"embeddable":true,"href":"https:\/\/comunes.situada.online\/en\/wp-json\/wp\/v2\/users\/1"}],"replies":[{"embeddable":true,"href":"https:\/\/comunes.situada.online\/en\/wp-json\/wp\/v2\/comments?post=1924"}],"version-history":[{"count":36,"href":"https:\/\/comunes.situada.online\/en\/wp-json\/wp\/v2\/pages\/1924\/revisions"}],"predecessor-version":[{"id":2299,"href":"https:\/\/comunes.situada.online\/en\/wp-json\/wp\/v2\/pages\/1924\/revisions\/2299"}],"up":[{"embeddable":true,"href":"https:\/\/comunes.situada.online\/en\/wp-json\/wp\/v2\/pages\/1324"}],"wp:attachment":[{"href":"https:\/\/comunes.situada.online\/en\/wp-json\/wp\/v2\/media?parent=1924"}],"curies":[{"name":"wp","href":"https:\/\/api.w.org\/{rel}","templated":true}]}}